{"id":492,"date":"2020-11-22T17:00:58","date_gmt":"2020-11-22T16:00:58","guid":{"rendered":"https:\/\/www.infrastition.com\/?page_id=492"},"modified":"2020-11-23T14:25:22","modified_gmt":"2020-11-23T13:25:22","slug":"conditions-generales-de-vente","status":"publish","type":"page","link":"https:\/\/www.infrastition.com\/en\/conditions-generales-de-vente\/","title":{"rendered":"General conditions of sales and privacy policy"},"content":{"rendered":"<p>Conditions G\u00e9n\u00e9rales de Vente et Politique de Confidentialit\u00e9<br \/>\nCONDITIONS GENERALES DE VENTE<br \/>\nNos cd sont con\u00e7us pour \u00eatre utilis\u00e9s avec des platines cd, nous ne sommes pas responsables des probl\u00e8mes rencontr\u00e9s avec les lecteurs informatiques et les logiciels de lectures. Toutes commandes dont la livraison n&#8217;a pas \u00e9t\u00e9 demand\u00e9e en colissimo, recommand\u00e9 ou suivi ne pourront faire l&#8217;objet d&#8217;aucune r\u00e9clamation.<\/p>\n<p>POLITIQUE DE CONFIDENTIALIT\u00c9<br \/>\nQui sommes-nous ?<br \/>\nL\u2019adresse de notre site Web est : https:\/\/www.infrastition.com<br \/>\nUtilisation des donn\u00e9es personnelles collect\u00e9es<br \/>\nCommentaires<br \/>\nQuand vous laissez un commentaire sur notre site web, les donn\u00e9es inscrites dans le formulaire de commentaire, mais aussi votre adresse IP et l\u2019agent utilisateur de votre navigateur sont collect\u00e9s pour nous aider \u00e0 la d\u00e9tection des commentaires ind\u00e9sirables.<br \/>\nUne cha\u00eene anonymis\u00e9e cr\u00e9\u00e9e \u00e0 partir de votre adresse de messagerie (\u00e9galement appel\u00e9e hash) peut \u00eatre envoy\u00e9e au service Gravatar pour v\u00e9rifier si vous utilisez ce dernier. Les clauses de confidentialit\u00e9 du service Gravatar sont disponibles ici : https:\/\/automattic.com\/privacy\/. Apr\u00e8s validation de votre commentaire, votre photo de profil sera visible publiquement \u00e0 cot\u00e9 de votre commentaire.<br \/>\nM\u00e9dias<br \/>\nSi vous \u00eates un utilisateur ou une utilisatrice enregistr\u00e9\u00b7e et que vous t\u00e9l\u00e9versez des images sur le site web, nous vous conseillons d\u2019\u00e9viter de t\u00e9l\u00e9verser des images contenant des donn\u00e9es EXIF de coordonn\u00e9es GPS. Les visiteurs de votre site web peuvent t\u00e9l\u00e9charger et extraire des donn\u00e9es de localisation depuis ces images.<br \/>\nFormulaires de contact<br \/>\nCookies<br \/>\nSi vous d\u00e9posez un commentaire sur notre site, il vous sera propos\u00e9 d\u2019enregistrer votre nom, adresse de messagerie et site web dans des cookies. C\u2019est uniquement pour votre confort afin de ne pas avoir \u00e0 saisir ces informations si vous d\u00e9posez un autre commentaire plus tard. Ces cookies expirent au bout d\u2019un an.<br \/>\nSi vous vous rendez sur la page de connexion, un cookie temporaire sera cr\u00e9\u00e9 afin de d\u00e9terminer si votre navigateur accepte les cookies. Il ne contient pas de donn\u00e9es personnelles et sera supprim\u00e9 automatiquement \u00e0 la fermeture de votre navigateur.<br \/>\nLorsque vous vous connecterez, nous mettrons en place un certain nombre de cookies pour enregistrer vos informations de connexion et vos pr\u00e9f\u00e9rences d\u2019\u00e9cran. La dur\u00e9e de vie d\u2019un cookie de connexion est de deux jours, celle d\u2019un cookie d\u2019option d\u2019\u00e9cran est d\u2019un an. Si vous cochez \u00ab Se souvenir de moi \u00bb, votre cookie de connexion sera conserv\u00e9 pendant deux semaines. Si vous vous d\u00e9connectez de votre compte, le cookie de connexion sera effac\u00e9.<br \/>\nEn modifiant ou en publiant une publication, un cookie suppl\u00e9mentaire sera enregistr\u00e9 dans votre navigateur. Ce cookie ne comprend aucune donn\u00e9e personnelle. Il indique simplement l\u2019ID de la publication que vous venez de modifier. Il expire au bout d\u2019un jour.<br \/>\nContenu embarqu\u00e9 depuis d\u2019autres sites<br \/>\nLes articles de ce site peuvent inclure des contenus int\u00e9gr\u00e9s (par exemple des vid\u00e9os, images, articles\u2026). Le contenu int\u00e9gr\u00e9 depuis d\u2019autres sites se comporte de la m\u00eame mani\u00e8re que si le visiteur se rendait sur cet autre site.<br \/>\nCes sites web pourraient collecter des donn\u00e9es sur vous, utiliser des cookies, embarquer des outils de suivis tiers, suivre vos interactions avec ces contenus embarqu\u00e9s si vous disposez d\u2019un compte connect\u00e9 sur leur site web.<br \/>\nStatistiques et mesures d\u2019audience<br \/>\nUtilisation et transmission de vos donn\u00e9es personnelles<br \/>\nDur\u00e9es de stockage de vos donn\u00e9es<br \/>\nSi vous laissez un commentaire, le commentaire et ses m\u00e9tadonn\u00e9es sont conserv\u00e9s ind\u00e9finiment. Cela permet de reconna\u00eetre et approuver automatiquement les commentaires suivants au lieu de les laisser dans la file de mod\u00e9ration.<br \/>\nPour les utilisateurs et utilisatrices qui s\u2019inscrivent sur notre site (si cela est possible), nous stockons \u00e9galement les donn\u00e9es personnelles indiqu\u00e9es dans leur profil. Tous les utilisateurs et utilisatrices peuvent voir, modifier ou supprimer leurs informations personnelles \u00e0 tout moment (\u00e0 l\u2019exception de leur nom d\u2019utilisateur\u00b7ice). Les gestionnaires du site peuvent aussi voir et modifier ces informations.<br \/>\nLes droits que vous avez sur vos donn\u00e9es<br \/>\nSi vous avez un compte ou si vous avez laiss\u00e9 des commentaires sur le site, vous pouvez demander \u00e0 recevoir un fichier contenant toutes les donn\u00e9es personnelles que nous poss\u00e9dons \u00e0 votre sujet, incluant celles que vous nous avez fournies. Vous pouvez \u00e9galement demander la suppression des donn\u00e9es personnelles vous concernant. Cela ne prend pas en compte les donn\u00e9es stock\u00e9es \u00e0 des fins administratives, l\u00e9gales ou pour des raisons de s\u00e9curit\u00e9.<br \/>\nTransmission de vos donn\u00e9es personnelles<br \/>\nAucune donn\u00e9e n&#8217;est transmise \u00e0 un tiers.<br \/>\nBoutique<br \/>\nNous collectons des informations lors de la validation de commande sur notre boutique.<br \/>\nPendant votre visite du site, nous suivons :<br \/>\n* Produits que vous avez vu : nous les utilisons pour, par exemple, afficher des produits que vous avez r\u00e9cemment vu<br \/>\n* Localisation, adresse IP et type de navigateur : nous les utilisons pour l\u2018estimation des taxes et frais de livraison<br \/>\n* Adresse de livraison : nous vous demanderons de la saisir pour estimer les frais de livraison avant que vous passiez commande, et pour vous envoyer la commande !<\/p>\n<p>Nous utilisons des cookies pour suivre les contenus du panier pendant que vous naviguez sur notre site.<br \/>\nQuand vous achetez sur notre site web, nous vous demanderons de fournir des informations incluant votre nom, adresse de facturation, adresse de livraison, adresse de messagerie, num\u00e9ro de t\u00e9l\u00e9phone, donn\u00e9es de paiement \/ carte bancaire et \u00e9ventuellement les donn\u00e9es du compte tel que l\u2019identifiant et le mot de passe. Ces informations seront utilis\u00e9es pour :<br \/>\n* Envoi de l\u2019information \u00e0 propos de votre compte et commande<br \/>\n* R\u00e9pondre aux demandes, incluant les remboursements et plaintes<br \/>\n* Traitement des paiements et pr\u00e9vention de la fraude<br \/>\n* Configurez votre compte pour notre boutique<br \/>\n* Se conformer avec toute obligation l\u00e9gale, telle que le calcul des taxes<br \/>\n* Am\u00e9liorer les offres de notre boutique<br \/>\n* Vous envoyer des messages marketing, si vous choisissez d\u2019en recevoir<\/p>\n<p>Si vous cr\u00e9ez un compte, nous stockons votre nom, adresse, e-mail, et num\u00e9ro de t\u00e9l\u00e9phone, qui sera utilis\u00e9 pour pr\u00e9remplir la validation de commande pour les prochaines commandes.<br \/>\nNous stockons g\u00e9n\u00e9ralement vos informations aussi longtemps que nous en avons besoin pour l\u2019usage pour lequel nous les collectons et utilisons, et nous ne sommes pas oblig\u00e9s l\u00e9galement de continuer \u00e0 les conserver. Par exemple, nous stockons les informations de commande pour 3 ann\u00e9es pour les taxes et la comptabilit\u00e9. Ceci inclut votre nom, adresse de messagerie et adresses de facturation et livraison.<br \/>\nNous stockons aussi les commentaires ou avis, si vous choisissez d\u2019en envoyer.<br \/>\nLes membres de notre \u00e9quipe ont acc\u00e8s aux informations que vous nous fournissez. Par exemple, les administrateurs et g\u00e9rants de boutique ont acc\u00e8s :<br \/>\n* Information de commande tel que ce qui a \u00e9t\u00e9 achet\u00e9, quand et o\u00f9 cela doit \u00eatre envoy\u00e9<br \/>\n* Information client tel que votre nom, adresse de messagerie et informations de facturation et livraison.<br \/>\nNotre \u00e9quipe a acc\u00e8s \u00e0 ces informations pour traiter les commandes, effectuer les remboursements et vous aider.<br \/>\nNous acceptons les paiements par PayPal. Lors du traitement des paiements, certaines donn\u00e9es seront transmises \u00e0 PayPal, incluant l\u2019information obligatoires \u00e0 l\u2019ex\u00e9cution du paiement, tel que le montant total ou les informations de facturation.<\/p>\n<p>Veuillez lire la politique de confidentialit\u00e9 de PayPal pour plus de d\u00e9tails.<br \/>\nInformations de contact<br \/>\nInfrastition \/ Cynfeirdd<br \/>\nC\/o Alexandre Louis<br \/>\n2 sente des Godeurs<br \/>\n78250 Hardricourt<br \/>\nFrance<\/p>\n","protected":false},"excerpt":{"rendered":"<p>Conditions G\u00e9n\u00e9rales de Vente et Politique de Confidentialit\u00e9 CONDITIONS GENERALES DE VENTE Nos cd sont con\u00e7us pour \u00eatre utilis\u00e9s avec des platines cd, nous ne sommes pas responsables des probl\u00e8mes rencontr\u00e9s avec les lecteurs informatiques et les logiciels de lectures. Toutes commandes dont la livraison n&#8217;a pas \u00e9t\u00e9 demand\u00e9e en colissimo, recommand\u00e9 ou suivi ne [&hellip;]<\/p>\n","protected":false},"author":1,"featured_media":0,"parent":0,"menu_order":0,"comment_status":"closed","ping_status":"closed","template":"","meta":{"footnotes":""},"class_list":["post-492","page","type-page","status-publish","hentry"],"jetpack_sharing_enabled":true,"_links":{"self":[{"href":"https:\/\/www.infrastition.com\/en\/wp-json\/wp\/v2\/pages\/492","targetHints":{"allow":["GET"]}}],"collection":[{"href":"https:\/\/www.infrastition.com\/en\/wp-json\/wp\/v2\/pages"}],"about":[{"href":"https:\/\/www.infrastition.com\/en\/wp-json\/wp\/v2\/types\/page"}],"author":[{"embeddable":true,"href":"https:\/\/www.infrastition.com\/en\/wp-json\/wp\/v2\/users\/1"}],"replies":[{"embeddable":true,"href":"https:\/\/www.infrastition.com\/en\/wp-json\/wp\/v2\/comments?post=492"}],"version-history":[{"count":4,"href":"https:\/\/www.infrastition.com\/en\/wp-json\/wp\/v2\/pages\/492\/revisions"}],"predecessor-version":[{"id":570,"href":"https:\/\/www.infrastition.com\/en\/wp-json\/wp\/v2\/pages\/492\/revisions\/570"}],"wp:attachment":[{"href":"https:\/\/www.infrastition.com\/en\/wp-json\/wp\/v2\/media?parent=492"}],"curies":[{"name":"wp","href":"https:\/\/api.w.org\/{rel}","templated":true}]}}