{"id":156,"date":"2020-11-13T16:32:54","date_gmt":"2020-11-13T15:32:54","guid":{"rendered":"https:\/\/www.infrastition.com\/?post_type=product&#038;p=156"},"modified":"2025-12-01T11:49:35","modified_gmt":"2025-12-01T10:49:35","slug":"opera-multi-steel-cathedrale","status":"publish","type":"product","link":"https:\/\/www.infrastition.com\/en\/produit\/opera-multi-steel-cathedrale\/","title":{"rendered":"Op\u00e9ra Multi Steel &#8211; Cath\u00e9drale"},"content":{"rendered":"","protected":false},"excerpt":{"rendered":"<p>Op\u00e9ra Multi Steel &#8211; Cath\u00e9drale<br \/>\nCD &#8211; Lim 540<br \/>\nFin 016 &#8211; 10\/09\/2007<\/p>\n<p>1\tDu Son Des Cloches\t2:49<br \/>\n2\tForme Et R\u00e9forme\t3:53<br \/>\n3\tEmpire\t2:28<br \/>\n4\tBrasier Communiquant\t4:49<br \/>\n5\tPiscine \u00c0 Tokyo\t4:59<br \/>\n6\tCath\u00e9drale\t4:48<br \/>\n7\tFrantz Est Mort\t3:43<br \/>\n8\tAttitudes\t4:47<br \/>\n9\tIls S&#8217;\u00c9loignent\t2:36<br \/>\n10\tUn Froid Seul\t3:53<br \/>\nBonus OMS 45 EP<br \/>\n11\tJardin Botanique\t3:25<br \/>\n12\tMassabielle\t4:38<br \/>\n13\tRien\t3:22<br \/>\n14\tF\u00eates Komit\u00e9\t4:12<br \/>\nBonus Period Videos :<br \/>\nVideo1\tCath\u00e9drale\t4:48<br \/>\nVideo2\tDu Son Des Cloches\t2:49<br \/>\nVideo3\tJardin Botanique\t3:25<br \/>\nVideo4\tFrantz Est Mort\t3:43<\/p>\n","protected":false},"featured_media":157,"comment_status":"closed","ping_status":"closed","template":"","meta":[],"product_brand":[],"product_cat":[19],"product_tag":[63,31],"class_list":{"0":"post-156","1":"product","2":"type-product","3":"status-publish","4":"has-post-thumbnail","6":"product_cat-cd","7":"product_tag-infra","8":"product_tag-oms","10":"first","11":"instock","12":"shipping-taxable","13":"purchasable","14":"product-type-simple"},"jetpack_sharing_enabled":true,"_links":{"self":[{"href":"https:\/\/www.infrastition.com\/en\/wp-json\/wp\/v2\/product\/156","targetHints":{"allow":["GET"]}}],"collection":[{"href":"https:\/\/www.infrastition.com\/en\/wp-json\/wp\/v2\/product"}],"about":[{"href":"https:\/\/www.infrastition.com\/en\/wp-json\/wp\/v2\/types\/product"}],"replies":[{"embeddable":true,"href":"https:\/\/www.infrastition.com\/en\/wp-json\/wp\/v2\/comments?post=156"}],"wp:featuredmedia":[{"embeddable":true,"href":"https:\/\/www.infrastition.com\/en\/wp-json\/wp\/v2\/media\/157"}],"wp:attachment":[{"href":"https:\/\/www.infrastition.com\/en\/wp-json\/wp\/v2\/media?parent=156"}],"wp:term":[{"taxonomy":"product_brand","embeddable":true,"href":"https:\/\/www.infrastition.com\/en\/wp-json\/wp\/v2\/product_brand?post=156"},{"taxonomy":"product_cat","embeddable":true,"href":"https:\/\/www.infrastition.com\/en\/wp-json\/wp\/v2\/product_cat?post=156"},{"taxonomy":"product_tag","embeddable":true,"href":"https:\/\/www.infrastition.com\/en\/wp-json\/wp\/v2\/product_tag?post=156"}],"curies":[{"name":"wp","href":"https:\/\/api.w.org\/{rel}","templated":true}]}}