{"id":171,"date":"2020-11-13T18:39:41","date_gmt":"2020-11-13T17:39:41","guid":{"rendered":"https:\/\/www.infrastition.com\/?post_type=product&#038;p=171"},"modified":"2024-03-07T16:05:42","modified_gmt":"2024-03-07T15:05:42","slug":"rvb-transfert","status":"publish","type":"product","link":"https:\/\/www.infrastition.com\/en\/produit\/rvb-transfert\/","title":{"rendered":"RVB-Transfert"},"content":{"rendered":"","protected":false},"excerpt":{"rendered":"<p>RVB-Transfert<br \/>\nDVD &#8211; Lim 1500<br \/>\nFin-OS DVD 001 &#8211; 30\/01\/2006<\/p>\n<p>Achwgha Ney Wode\u00ef*\tPetit Paul<br \/>\n\u2013Art &#038; Technique\tRadio City Deutschland<br \/>\n\u2013Asylum Party\tMisfortunes?<br \/>\n\u2013Babel 17\tCome Into Hell &#038; Murder Hate<br \/>\n\u2013Bernard Szajner\tThe Big Scare<br \/>\n\u2013Clair Obscur\tStatues<br \/>\n\u2013Collection D&#8217;Arnell-Andr\u00e9a*\tAnton&#8217;s Death<br \/>\n\u2013Complot Bronswick\tSparks<br \/>\n\u2013Costes\tBelle Et Cruelle<br \/>\n\u2013Dazibao\tCan Ya Ma Can<br \/>\n\u2013D\u00e9ficit Des Ann\u00e9es Ant\u00e9rieures*\t25 Pi\u00e8ces Sont Vides<br \/>\n\u2013End Of Data\tSahrah<br \/>\n\u2013\u00c9tant Donn\u00e9s\tBleu<br \/>\n\u2013Exc\u00e8s Nocturne\tCauchemards Blafards<br \/>\n\u2013Geins&#8217;t Na\u00eft\tMarinetti<br \/>\n\u2013In Aeternam Vale\tLive Lyon Atomic Caf\u00e9<br \/>\n\u2013Jad Wio\tPriscilla<br \/>\n\u2013Kas Product\tNever Come Back<br \/>\n\u2013Kni Crik\tO Mana<br \/>\n\u2013La Nomenklatur\tMeosta<br \/>\n\u2013Le Syndicat\tUn<br \/>\n\u2013Lefdup &#038; Lefdup\tNoisy Neighbours<br \/>\n\u2013Les Ma\u00eetres\tSouvenir<br \/>\n\u2013Les T\u00e9tines Noires\tFreaks<br \/>\n\u2013Little Nemo\tNew Flood<br \/>\n\u2013Lucrate Milk\tNepla Relou<br \/>\n\u2013Marquis De Sade\tSet In Motion Memories<br \/>\n\u2013Martin Dupont\tIt&#8217;s So<br \/>\n\u2013Mary Goes Round\tMary&#8217;s Garden<br \/>\n\u2013Minamata\tNiigata<br \/>\n\u2013MKB Fraction Provisoire\tLe Chant Des Hy\u00e8nes<br \/>\n\u2013Neva\tPsykodrame<br \/>\n\u2013New Mixage\tBadaboum<br \/>\n\u2013Nini Raviolette\tSuis-Je Normale ?<br \/>\n\u2013Norma Loy\tBlack Jesus \/ We Want<br \/>\n\u2013Nox (2)\tCrowd<br \/>\n\u2013Op\u00e9ra Multi Steel*\tUn Froid Seul<br \/>\n\u2013Pacific 231 (2)\tLive Broadcast Improvisation<br \/>\n\u2013Palo Alto\tAux E.P.E. (Fatale Co\u00efncidence)<br \/>\n\u2013Passion Fodder\tBlood Thicker Than Love<br \/>\n\u2013Pt\u00f4se\tEcraser La Vermine<br \/>\n\u2013Resistance*\tAcross The Ocean<br \/>\n\u2013Rosa-Crvx*\tMorituri<br \/>\n\u2013The Grief\tDaedalus Part 6<br \/>\n\u2013Un D\u00e9partement\tElisabeth Stresa<br \/>\n\u2013Visible (2)\tA Fine Aim In Life<br \/>\n\u2013Vox Populi!\tOn Fait Comme On A Dit<br \/>\n\u2013X Ray Pop*\tAlcool<\/p>\n","protected":false},"featured_media":172,"comment_status":"closed","ping_status":"closed","template":"","meta":[],"product_brand":[],"product_cat":[140],"product_tag":[26,32,24,33,63,46,47,25,29,34,62],"class_list":{"0":"post-171","1":"product","2":"type-product","3":"status-publish","4":"has-post-thumbnail","6":"product_cat-dvd","7":"product_tag-asylum","8":"product_tag-b17","9":"product_tag-clairobscur","10":"product_tag-complot","11":"product_tag-infra","12":"product_tag-ln","13":"product_tag-md","14":"product_tag-norma","15":"product_tag-resistance","16":"product_tag-tanit","17":"product_tag-various","19":"first","20":"outofstock","21":"sold-individually","22":"shipping-taxable","23":"purchasable","24":"product-type-simple"},"jetpack_sharing_enabled":true,"_links":{"self":[{"href":"https:\/\/www.infrastition.com\/en\/wp-json\/wp\/v2\/product\/171","targetHints":{"allow":["GET"]}}],"collection":[{"href":"https:\/\/www.infrastition.com\/en\/wp-json\/wp\/v2\/product"}],"about":[{"href":"https:\/\/www.infrastition.com\/en\/wp-json\/wp\/v2\/types\/product"}],"replies":[{"embeddable":true,"href":"https:\/\/www.infrastition.com\/en\/wp-json\/wp\/v2\/comments?post=171"}],"wp:featuredmedia":[{"embeddable":true,"href":"https:\/\/www.infrastition.com\/en\/wp-json\/wp\/v2\/media\/172"}],"wp:attachment":[{"href":"https:\/\/www.infrastition.com\/en\/wp-json\/wp\/v2\/media?parent=171"}],"wp:term":[{"taxonomy":"product_brand","embeddable":true,"href":"https:\/\/www.infrastition.com\/en\/wp-json\/wp\/v2\/product_brand?post=171"},{"taxonomy":"product_cat","embeddable":true,"href":"https:\/\/www.infrastition.com\/en\/wp-json\/wp\/v2\/product_cat?post=171"},{"taxonomy":"product_tag","embeddable":true,"href":"https:\/\/www.infrastition.com\/en\/wp-json\/wp\/v2\/product_tag?post=171"}],"curies":[{"name":"wp","href":"https:\/\/api.w.org\/{rel}","templated":true}]}}