{"id":175,"date":"2020-11-13T18:49:14","date_gmt":"2020-11-13T17:49:14","guid":{"rendered":"https:\/\/www.infrastition.com\/?post_type=product&#038;p=175"},"modified":"2026-02-17T23:00:12","modified_gmt":"2026-02-17T22:00:12","slug":"lucie-cries-%e2%80%8e-non-nova-sed-nove-vol-i","status":"publish","type":"product","link":"https:\/\/www.infrastition.com\/en\/produit\/lucie-cries-%e2%80%8e-non-nova-sed-nove-vol-i\/","title":{"rendered":"Lucie Cries \u200e- Non Nova, Sed Nove &#8211; Vol. I"},"content":{"rendered":"","protected":false},"excerpt":{"rendered":"<p>Lucie Cries \u200e\u2013 Non Nova, Sed Nove &#8211; Vol. I<br \/>\n2CD &#8211; Lim 300 digifile<br \/>\nFin 024 &#8211; 04\/09\/2024<\/p>\n<p>\t\t\tLiber I<br \/>\n1-1\tReconquista<br \/>\n1-2\tPeste De Cristal<br \/>\n1-3\tSophia<br \/>\n1-4\tLes Fils De Ca\u00efn<br \/>\n1-5\tCroisade Arctique<br \/>\n1-6\tPanem Et Circenses<br \/>\n1-7\tTocsins Et Testament<br \/>\n1-8\tLe Jugement D&#8217;osiris<br \/>\n1-9\tLe Talisman De La Muse<br \/>\n1-10\tHydromel Et D\u00e9lices<br \/>\n1-11\tLes Amants De Lucie<br \/>\n1-12\tLa Longue Marche<br \/>\n1-13\tLe Man\u00e8ge<br \/>\n1-14\tTimisoara<br \/>\n1-15\tLes Anges De Manille<br \/>\n1-16\tLes Amants De Neptune<br \/>\n1-17\tThe Muse&#8217;s Calling<br \/>\n1-18\tMorituri Te Salutant<br \/>\nLiber II<br \/>\n2-1\tLa Gr\u00e2ce Et Le Glaive<br \/>\n2-2\tLes Fous De Messidor<br \/>\n2-3\tL&#8217;acropole D&#8217;or<br \/>\n2-4\tVers Les Mines Du Golgotha<br \/>\n2-5\tAlc\u00f4ves, S\u00e9r\u00e9nades Et Lumi\u00e8re<br \/>\n2-6\tLe Madrigal De L&#8217;elfe<br \/>\n2-7\tCarthago Delenda Est<br \/>\n2-8\tLes Soleils F\u00e9lons<br \/>\n2-9\tAbyssus Abyssum Invocat<br \/>\n2-10\tLa Sagrada Familia<br \/>\n2-11\tLe Cr\u00e9puscule Du Dogme<br \/>\n2-12\tL&#8217;oeil De Chronos<br \/>\n2-13\tAlea Jacta Est<br \/>\n2-14\tSoeur De Sang<br \/>\n2-15\tUltima Verba<br \/>\n2-16\tIcare<br \/>\n2-17\tVestale<br \/>\n2-18\tMessaline<\/p>\n","protected":false},"featured_media":176,"comment_status":"closed","ping_status":"closed","template":"","meta":[],"product_brand":[],"product_cat":[19],"product_tag":[63,37],"class_list":{"0":"post-175","1":"product","2":"type-product","3":"status-publish","4":"has-post-thumbnail","6":"product_cat-cd","7":"product_tag-infra","8":"product_tag-lucie","10":"first","11":"instock","12":"shipping-taxable","13":"purchasable","14":"product-type-simple"},"jetpack_sharing_enabled":true,"_links":{"self":[{"href":"https:\/\/www.infrastition.com\/en\/wp-json\/wp\/v2\/product\/175","targetHints":{"allow":["GET"]}}],"collection":[{"href":"https:\/\/www.infrastition.com\/en\/wp-json\/wp\/v2\/product"}],"about":[{"href":"https:\/\/www.infrastition.com\/en\/wp-json\/wp\/v2\/types\/product"}],"replies":[{"embeddable":true,"href":"https:\/\/www.infrastition.com\/en\/wp-json\/wp\/v2\/comments?post=175"}],"wp:featuredmedia":[{"embeddable":true,"href":"https:\/\/www.infrastition.com\/en\/wp-json\/wp\/v2\/media\/176"}],"wp:attachment":[{"href":"https:\/\/www.infrastition.com\/en\/wp-json\/wp\/v2\/media?parent=175"}],"wp:term":[{"taxonomy":"product_brand","embeddable":true,"href":"https:\/\/www.infrastition.com\/en\/wp-json\/wp\/v2\/product_brand?post=175"},{"taxonomy":"product_cat","embeddable":true,"href":"https:\/\/www.infrastition.com\/en\/wp-json\/wp\/v2\/product_cat?post=175"},{"taxonomy":"product_tag","embeddable":true,"href":"https:\/\/www.infrastition.com\/en\/wp-json\/wp\/v2\/product_tag?post=175"}],"curies":[{"name":"wp","href":"https:\/\/api.w.org\/{rel}","templated":true}]}}