{"id":1770,"date":"2025-11-23T12:26:03","date_gmt":"2025-11-23T11:26:03","guid":{"rendered":"https:\/\/www.infrastition.com\/?post_type=product&#038;p=1770"},"modified":"2025-12-13T19:25:45","modified_gmt":"2025-12-13T18:25:45","slug":"les-visiteurs-du-soir-1984-cassette","status":"publish","type":"product","link":"https:\/\/www.infrastition.com\/en\/produit\/les-visiteurs-du-soir-1984-cassette\/","title":{"rendered":"Les Visiteurs du Soir &#8211; 1984 Cassette"},"content":{"rendered":"<p class=\"qtranxs-available-languages-message qtranxs-available-languages-message-en\">Sorry, this entry is only available in <a href=\"https:\/\/www.infrastition.com\/fr\/wp-json\/wp\/v2\/product\/1770\" class=\"qtranxs-available-language-link qtranxs-available-language-link-fr\" title=\"Fran\u00e7ais\">Fran\u00e7ais<\/a>. For the sake of viewer convenience, the content is shown below in the alternative language. You may click the link to switch the active language.<\/p><p>1981 : L\u2019aventure commence \u00e0 Orl\u00e9ans par la cr\u00e9ation du groupe D.STOP et 2 ann\u00e9es particuli\u00e8rement fructueuses d\u2019exploration \u00ab tekno-punk \u00bb : concerts\/performances m\u00e9morables, clip vid\u00e9o provocateur \u00e0 souhait et enregistrement des cultissimes Traitement de Choc (EP 45T) et Nouvelles du Front (Mini LP 33T).<br \/>\nDeux disques (plusieurs fois r\u00e9\u00e9dit\u00e9es depuis) accueillis d\u00e8s leur sortie avec un r\u00e9el enthousiasme par les fanzines et abondamment diffus\u00e9s par les radios libres. Le magazine Best, v\u00e9ritable institution \u00e0 l\u2019\u00e9poque, ira m\u00eame jusqu\u2019\u00e0 pr\u00e9senter le groupe en ces termes \u00e9logieux :<br \/>\n\u00ab Le plus excitant des groupes punk orl\u00e9anais\u2026 \u00bb \/ \u00ab Ils sont les repr\u00e9sentants parfait de cette g\u00e9n\u00e9ration qui a perdu tous ses complexes en 77et qui, depuis s\u2019est aper\u00e7ue que pour survivre il fallait faire des progr\u00e8s techniques et apporter des id\u00e9es personnelles\u2026 \u00bb \/\u00ab Les d\u00e9s sont  jet\u00e9s et laissent pr\u00e9sager un score vainqueur. \u00bb  \/BEST (mai 1982) <\/p>\n<p>1984 : Poursuivant son \u00e9volution, le groupe (devenu duo depuis 1 an), d\u00e9cide de laisser tomber les guitares, et d\u2019explorer davantage les instruments qui ont largement contribu\u00e9 \u00e0 forger son identit\u00e9 musicale\u2026 les \u00ab machines \u00bb ! : 3 synth\u00e9s d\u2019occasion, 2 bo\u00eetes \u00e0 rythmes assez limit\u00e9es, 1 chambre d\u2019\u00e9cho vintage et tout un tas de p\u00e9dales d\u2019effets paradoxalement destin\u00e9es \u00e0 des guitares !<br \/>\nC\u2019est dans cette configuration minimaliste et cold qu\u2019apparaissent pour la 1\u00e8re fois sur sc\u00e8ne Les Visiteurs du Soir : des musiques assez simples, mais terriblement efficaces et, des textes en fran\u00e7ais, d\u2019un r\u00e9alisme sombre, port\u00e9s par un chanteur totalement habit\u00e9 et charismatique. Une sorte de \u00ab pop-\u00e9lectro \u00bb, \u00e9nergique et bizarre qui flirte souvent avec l\u2019avant-gardisme de leurs compatriotes Taxi girl  et Kas product ou d\u2019autres formations comme Suicide, DAF et Depeche Mode. <\/p>\n<p>1985 : C\u2019est donc tout naturellement que New Wave (c\u00e9l\u00e8bre fanzine et label) propose \u00e0 ces \u00ab jeunes gens m\u00f6dernes \u00bb de figurer sur sa compilation \u00ab Le Cimeti\u00e8re des passions \u00bb. Les Visiteurs du Soir  enregistrent donc 2 titres dont le fameux  je t\u2019\u00e9cris d\u2019un pays, titre embl\u00e9matique  de l\u2019univers synth\u00e9tique et chaotique du groupe, et futur \u00ab tube \u00bb. Ce sera leur  unique apparition discographique avant de nombreuses ann\u00e9es.<br \/>\nUn mois plus tard, le groupe splitte apr\u00e8s avoir donn\u00e9 un ultime concert en 1\u00e8re partie des Rita Mitsouko. <\/p>\n<p>2006 : R\u00e9apparition furtive et strictement discographique du groupe. Le label Born Bad Records invite Les Visiteurs du Soir \u00e0 participer \u00e0 son ambitieux projet \u00ab BIPPP French Synth-wave 1979\/85 \u00bb. Comme une \u00e9vidence, le titre choisi pour cette compilation sera l\u2019incontournable Je t\u2019\u00e9cris d\u2019un pays.<br \/>\n\u00ab On y entend par exemple quelques petits chefs-d\u2019\u0153uvre, comme le sexy Polaroid Roman Photo de Ruth ou le f\u00eal\u00e9 je t\u2019\u00e9cris d\u2019un pays des Visiteurs du Soir.\u00bb  \/ LES INROCKUPTIBLES  (d\u00e9cembre 2006)<\/p>\n<p>Au cours des ann\u00e9es suivantes, quelques reprises de je t\u2019\u00e9cris d\u2019un pays apparaissent ici ou l\u00e0, t\u00e9moignant d\u2019un int\u00e9r\u00eat constant de la part d\u2019une  \u00ab nouvelle sc\u00e8ne  \u00e9lectro \u00bb pour ce type de son tr\u00e8s 80\u2019s en g\u00e9n\u00e9ral, et, pour la singularit\u00e9 de ce titre en particulier. <\/p>\n<p>2024 : Les Visiteurs du Soir, v\u00e9ritables pionniers de la \u00ab french synth-wave \u00bb, enregistrent  leur 1er album intitul\u00e9 \u00ab 1984 \u00bb.<br \/>\nUne musique \u00e9lectro totalement inclassable, entre post-punk et new wave, d\u2019o\u00f9 \u00e9merge une voix sombre et m\u00e9lancolique, qui, avec beaucoup de justesse et d\u2019engagement, \u00e9voque d\u2019\u00e9tranges parcours de vie : des histoires simples \u00e9crites en fran\u00e7ais et en vers, nourries de nombreuses r\u00e9f\u00e9rences (populaires, historiques, contestataires), et dont les h\u00e9ros ordinaires finissent toujours rattrap\u00e9s par un destin funeste. Dix morceaux assez courts, tendus (rythmique implacable) qui figuraient notamment sur la setlist du groupe lors de leur tout dernier concert, il y a 40 ans\u2026<br \/>\nOn notera la grande qualit\u00e9 de la production (Pierre-Emmanuel M\u00e9riaud) qui permet avec beaucoup de finesse et d\u2019inventivit\u00e9, d\u2019apporter une r\u00e9elle touche de modernit\u00e9 au projet, tout en respectant la contrainte de d\u00e9part : enregistrer l\u2019essentiel des musiques avec les sons et synth\u00e9s utilis\u00e9s \u00e0 l\u2019\u00e9poque en live par les Visiteurs du Soir.<br \/>\nAinsi, Les Visiteurs du Soir, poursuivent l\u2019aventure commenc\u00e9e au si\u00e8cle dernier, et prouvent, avec l\u2019album \u00ab 1984 \u00bb, que la modernit\u00e9 est un concept d\u00e9finitivement intemporel.<br \/>\n<\/p>","protected":false},"excerpt":{"rendered":"<p>Les Visiteurs du Soir &#8211; 1984<br \/>\nCD Digi &#8211; Lim 99 handnumbered<br \/>\nFin 072K7 &#8211; 22\/11\/2025<\/p>\n<p>19<br \/>\nA1 Une statue de marbre<br \/>\nA2 Je t&#8217;\u00e9cris d&#8217;un pays pas ordinaire<br \/>\nA3 Quel \u00e9trange voyage<br \/>\nA4 Le vent, le vent<br \/>\nA5 M\u00f6rder<br \/>\nA6 Beno\u00eet Broutchoux<br \/>\n84<br \/>\nB1 Elle n&#8217;a plus peur<br \/>\nB2 Le courage des poilus<br \/>\nB3 Dans un rond de lumi\u00e8re<br \/>\nB4 Shock therapy<br \/>\nB5 Le maudit<br \/>\nB6 Le temps me quitte<\/p>\n","protected":false},"featured_media":1776,"comment_status":"closed","ping_status":"closed","template":"","meta":[],"product_brand":[],"product_cat":[19],"product_tag":[132,39,63,188],"class_list":{"0":"post-1770","1":"product","2":"type-product","3":"status-publish","4":"has-post-thumbnail","6":"product_cat-cd","7":"product_tag-cdaa","8":"product_tag-dstop","9":"product_tag-infra","10":"product_tag-lvds","12":"first","13":"instock","14":"shipping-taxable","15":"purchasable","16":"product-type-simple"},"jetpack_sharing_enabled":true,"_links":{"self":[{"href":"https:\/\/www.infrastition.com\/en\/wp-json\/wp\/v2\/product\/1770","targetHints":{"allow":["GET"]}}],"collection":[{"href":"https:\/\/www.infrastition.com\/en\/wp-json\/wp\/v2\/product"}],"about":[{"href":"https:\/\/www.infrastition.com\/en\/wp-json\/wp\/v2\/types\/product"}],"replies":[{"embeddable":true,"href":"https:\/\/www.infrastition.com\/en\/wp-json\/wp\/v2\/comments?post=1770"}],"wp:featuredmedia":[{"embeddable":true,"href":"https:\/\/www.infrastition.com\/en\/wp-json\/wp\/v2\/media\/1776"}],"wp:attachment":[{"href":"https:\/\/www.infrastition.com\/en\/wp-json\/wp\/v2\/media?parent=1770"}],"wp:term":[{"taxonomy":"product_brand","embeddable":true,"href":"https:\/\/www.infrastition.com\/en\/wp-json\/wp\/v2\/product_brand?post=1770"},{"taxonomy":"product_cat","embeddable":true,"href":"https:\/\/www.infrastition.com\/en\/wp-json\/wp\/v2\/product_cat?post=1770"},{"taxonomy":"product_tag","embeddable":true,"href":"https:\/\/www.infrastition.com\/en\/wp-json\/wp\/v2\/product_tag?post=1770"}],"curies":[{"name":"wp","href":"https:\/\/api.w.org\/{rel}","templated":true}]}}