{"id":183,"date":"2020-11-13T18:58:55","date_gmt":"2020-11-13T17:58:55","guid":{"rendered":"https:\/\/www.infrastition.com\/?post_type=product&#038;p=183"},"modified":"2026-01-28T22:59:47","modified_gmt":"2026-01-28T21:59:47","slug":"paralleles-de-montsegur-%e2%80%8e-esperit","status":"publish","type":"product","link":"https:\/\/www.infrastition.com\/en\/produit\/paralleles-de-montsegur-%e2%80%8e-esperit\/","title":{"rendered":"Parall\u00e8les De Monts\u00e9gur \u200e- Esp\u00e9rit"},"content":{"rendered":"","protected":false},"excerpt":{"rendered":"<p>Parall\u00e8les De Monts\u00e9gur \u200e\u2013 Esp\u00e9rit<br \/>\nCD &#8211; Lim 400<br \/>\nFin 028 &#8211; 17\/06\/2008<\/p>\n<p>\tEsp\u00e9rit<br \/>\n1\tFils De Rien, Fils De Mandrin<br \/>\n2\tRoi Des Fous<br \/>\n3\tL&#8217;Islamique<br \/>\n4\tDivin Marquis<br \/>\n5\tLes Anges D\u00e9chus<br \/>\n6\tLes Loups<br \/>\n7\tSur Les Hauteurs<br \/>\n8\tLe Froid<br \/>\nBonus Tracks<br \/>\n9\tAu Fil Des Armes<br \/>\n10\tL&#8217;H\u00f4te Animal<br \/>\n11\tN&#8217;Ecoute Pas La Mer<br \/>\n12\tPierrot De La Lune<\/p>\n","protected":false},"featured_media":184,"comment_status":"closed","ping_status":"closed","template":"","meta":[],"product_brand":[],"product_cat":[19],"product_tag":[63,40],"class_list":{"0":"post-183","1":"product","2":"type-product","3":"status-publish","4":"has-post-thumbnail","6":"product_cat-cd","7":"product_tag-infra","8":"product_tag-pdm","10":"first","11":"instock","12":"shipping-taxable","13":"purchasable","14":"product-type-simple"},"jetpack_sharing_enabled":true,"_links":{"self":[{"href":"https:\/\/www.infrastition.com\/en\/wp-json\/wp\/v2\/product\/183","targetHints":{"allow":["GET"]}}],"collection":[{"href":"https:\/\/www.infrastition.com\/en\/wp-json\/wp\/v2\/product"}],"about":[{"href":"https:\/\/www.infrastition.com\/en\/wp-json\/wp\/v2\/types\/product"}],"replies":[{"embeddable":true,"href":"https:\/\/www.infrastition.com\/en\/wp-json\/wp\/v2\/comments?post=183"}],"wp:featuredmedia":[{"embeddable":true,"href":"https:\/\/www.infrastition.com\/en\/wp-json\/wp\/v2\/media\/184"}],"wp:attachment":[{"href":"https:\/\/www.infrastition.com\/en\/wp-json\/wp\/v2\/media?parent=183"}],"wp:term":[{"taxonomy":"product_brand","embeddable":true,"href":"https:\/\/www.infrastition.com\/en\/wp-json\/wp\/v2\/product_brand?post=183"},{"taxonomy":"product_cat","embeddable":true,"href":"https:\/\/www.infrastition.com\/en\/wp-json\/wp\/v2\/product_cat?post=183"},{"taxonomy":"product_tag","embeddable":true,"href":"https:\/\/www.infrastition.com\/en\/wp-json\/wp\/v2\/product_tag?post=183"}],"curies":[{"name":"wp","href":"https:\/\/api.w.org\/{rel}","templated":true}]}}