{"id":229,"date":"2020-11-14T09:20:24","date_gmt":"2020-11-14T08:20:24","guid":{"rendered":"https:\/\/www.infrastition.com\/?post_type=product&#038;p=229"},"modified":"2026-03-06T13:48:12","modified_gmt":"2026-03-06T12:48:12","slug":"dazibao-%e2%80%8e-complete-works-1983-1993","status":"publish","type":"product","link":"https:\/\/www.infrastition.com\/en\/produit\/dazibao-%e2%80%8e-complete-works-1983-1993\/","title":{"rendered":"Dazibao \u200e- Complete Works 1983-1993"},"content":{"rendered":"","protected":false},"excerpt":{"rendered":"<p>Dazibao \u200e- Complete Works 1983-1993<br \/>\n4CD Box &#8211; Lim 575<br \/>\nFin 050 &#8211; 08\/04\/2010<\/p>\n<p>\t\tSahd<br \/>\n1-1\tAzores\t3:01<br \/>\n1-2\tC\u00f4ne Blanc\t3:44<br \/>\n1-3\tAnaconda\t3:19<br \/>\n1-4\tHabeiteck\t3:14<br \/>\n1-5\tR&#8217;dem\t3:40<br \/>\n1-6\tR&#8217;dem (Dazibao Mix)\t3:41<br \/>\nLes Musiques De La Honte<br \/>\n1-7\tWaltz\t3:58<br \/>\n1-8\tCameleon\t3:04<br \/>\n1-9\tAllah El Watan El Malik\t2:51<br \/>\n1-10\tRosy\t3:46<br \/>\n1-11\tSans Silence\t3:11<br \/>\n1-12\tWonder Why\t3:24<br \/>\n1-13\tCentral\t3:49<br \/>\n1-14\t220days\t3:44<br \/>\n1-15\tHit Kat Choufi\t0:53<br \/>\n1-16\tHuuruu Guuruu\t2:30<br \/>\n1-17\tShergui\t4:10<br \/>\nAmok<br \/>\n2-1\tCan Ya Ma Can\t3:40<br \/>\n2-2\tSayf\t3:00<br \/>\n2-3\tAtfali\t3:25<br \/>\n2-4\tOu Hal\t3:53<br \/>\n2-5\tBaykher\t3:13<br \/>\n2-6\tChoufi Fia\t4:40<br \/>\n2-7\tBolero\t2:29<br \/>\nShems<br \/>\n2-8\tHendi\t3:46<br \/>\n2-9\tHayat\t2:22<br \/>\n2-10\tJugement\t4:06<br \/>\n2-11\tParade\t3:18<br \/>\n2-12\tFe Sem\t4:07<br \/>\n2-13\tNod\t3:13<br \/>\n2-14\tLeila\t4:12<br \/>\n2-15\tDjazair\t3:18<br \/>\n2-16\tAch Hadi Trekh La\t4:14<br \/>\n2-17\tBahdi Meni\t3:06<br \/>\n2-18\tSbar Ha Bel Khel\t2:37<br \/>\nSingles In\u00e9dits Raret\u00e9es D\u00e9mos<br \/>\n3-1\tLes Tambours Lointains\t2:35<br \/>\n3-2\tFrah\t1:56<br \/>\n3-3\tRaison\t3:10<br \/>\n3-4\tComptine\t1:22<br \/>\n3-5\tLe Train Des Roses\t3:23<br \/>\n3-6\tGalsin\t2:49<br \/>\n3-7\tL&#8217;bent\t2:52<br \/>\n3-8\tLes Tambours Lointains\t2:39<br \/>\n3-9\tFour Hours\t3:50<br \/>\n3-10\tRainmakers\t3:19<br \/>\n3-11\tDans Ses Bras\t2:11<br \/>\n3-12\tThe Fire Of Love\t2:30<br \/>\n3-13\tAzores\t2:29<br \/>\n3-14\tLa Prisonniere\t3:34<br \/>\n3-15\tMeknes Blues\t1:02<br \/>\n3-16\tSes Nuits\t4:37<br \/>\n3-17\tDog Brain\t2:00<br \/>\n3-18\tHuuruu Guuruu\t2:33<br \/>\n3-19\tThe Fire Of Love\t3:07<br \/>\n3-20\tHit Kat Choufi\t1:42<br \/>\n3-21\tEl Habeb\t3:14<br \/>\n3-22\tHendi Acoustique \/ Jajouka Mix\t3:33<br \/>\n3-23\tYa Leila\t3:51<br \/>\n3-24\tMezel\t4:59<br \/>\n3-25\tHendi (Jzu Mix)\t3:32<br \/>\nLives<br \/>\n4-1\tSomething Must Break\t2:55<br \/>\n4-2\tAnaconda\t2:50<br \/>\n4-3\tL&#8217;bent\t3:07<br \/>\n4-4\tFour Hours\t3:50<br \/>\n4-5\tLes Tambours Lointains\t2:42<br \/>\n4-6\tSbar Ha Bel Khel\t2:44<br \/>\n4-7\tTake It As It Comes\t2:49<br \/>\n4-8\tThe Fire Of Love\t2:33<br \/>\n4-9\tC\u00f4ne Blanc\t3:16<br \/>\n4-10\tR&#8217;dem\t3:52<br \/>\n4-11\tCameleon\t2:58<br \/>\n4-12\tOu Hal\t3:16<br \/>\n4-13\tChoufi Fia\t3:33<br \/>\n4-14\tHit Kat Choufi\t1:40<br \/>\n4-15\tBaykher\t3:26<br \/>\n4-16\tHendi\t4:15<\/p>\n","protected":false},"featured_media":230,"comment_status":"closed","ping_status":"closed","template":"","meta":[],"product_brand":[],"product_cat":[19],"product_tag":[51,63],"class_list":{"0":"post-229","1":"product","2":"type-product","3":"status-publish","4":"has-post-thumbnail","6":"product_cat-cd","7":"product_tag-daz","8":"product_tag-infra","10":"first","11":"instock","12":"shipping-taxable","13":"purchasable","14":"product-type-simple"},"jetpack_sharing_enabled":true,"_links":{"self":[{"href":"https:\/\/www.infrastition.com\/en\/wp-json\/wp\/v2\/product\/229","targetHints":{"allow":["GET"]}}],"collection":[{"href":"https:\/\/www.infrastition.com\/en\/wp-json\/wp\/v2\/product"}],"about":[{"href":"https:\/\/www.infrastition.com\/en\/wp-json\/wp\/v2\/types\/product"}],"replies":[{"embeddable":true,"href":"https:\/\/www.infrastition.com\/en\/wp-json\/wp\/v2\/comments?post=229"}],"wp:featuredmedia":[{"embeddable":true,"href":"https:\/\/www.infrastition.com\/en\/wp-json\/wp\/v2\/media\/230"}],"wp:attachment":[{"href":"https:\/\/www.infrastition.com\/en\/wp-json\/wp\/v2\/media?parent=229"}],"wp:term":[{"taxonomy":"product_brand","embeddable":true,"href":"https:\/\/www.infrastition.com\/en\/wp-json\/wp\/v2\/product_brand?post=229"},{"taxonomy":"product_cat","embeddable":true,"href":"https:\/\/www.infrastition.com\/en\/wp-json\/wp\/v2\/product_cat?post=229"},{"taxonomy":"product_tag","embeddable":true,"href":"https:\/\/www.infrastition.com\/en\/wp-json\/wp\/v2\/product_tag?post=229"}],"curies":[{"name":"wp","href":"https:\/\/api.w.org\/{rel}","templated":true}]}}