{"id":248,"date":"2020-11-15T08:31:12","date_gmt":"2020-11-15T07:31:12","guid":{"rendered":"https:\/\/www.infrastition.com\/?post_type=product&#038;p=248"},"modified":"2026-04-15T16:58:50","modified_gmt":"2026-04-15T14:58:50","slug":"guerre-froide-gegenacht-pour-lexemple-%e2%80%8e-cryopack-cryogenisation-report","status":"publish","type":"product","link":"https:\/\/www.infrastition.com\/en\/produit\/guerre-froide-gegenacht-pour-lexemple-%e2%80%8e-cryopack-cryogenisation-report\/","title":{"rendered":"Guerre Froide \/ Gegenacht \/ Pour L&#8217;Exemple \u200e- Cryopack &#8211; Cryog\u00e9nisation Report"},"content":{"rendered":"","protected":false},"excerpt":{"rendered":"<p>Guerre Froide \/ Gegenacht \/ Pour L&#8217;Exemple \u200e- Cryopack &#8211; Cryog\u00e9nisation Report<br \/>\n4CD Box &#8211; Lim 500<br \/>\nFin 059 &#8211; 10\/02\/2011<\/p>\n<p>\tCRY 00 _Guerre Froide _Cicatrice_1980_Document X<br \/>\n1-1\t\u2013Guerre Froide\tIntroduction\t2:13<br \/>\n1-2\t\u2013Guerre Froide\tBerlin 81\t5:55<br \/>\n1-3\t\u2013Guerre Froide\tLa Chanson D&#8217;Ian\t4:59<br \/>\n1-4\t\u2013Guerre Froide\tD\u00e9part\t5:27<br \/>\n1-5\t\u2013Guerre Froide\tSans Ultimes Sens Multiples\t5:33<br \/>\n1-6\t\u2013Guerre Froide\tRemorquage\t5:18<br \/>\n_Document Y<br \/>\n1-7\t\u2013Guerre Froide\tImprovisation\t7:21<br \/>\n1-8\t\u2013Guerre Froide\tLe Massacre Du Printemps\t5:29<br \/>\nCRY 001_Gegenacht_At Home !_1984<br \/>\n_At Home !<br \/>\n2-1\t\u2013Gegenacht\tCar Crash\t2:48<br \/>\n2-2\t\u2013Gegenacht\tBr\u00fblures\t2:25<br \/>\n2-3\t\u2013Gegenacht\tDonc Je Fuis\t2:48<br \/>\n2-4\t\u2013Gegenacht\tSans Concession(s)\t2:47<br \/>\n2-5\t\u2013Gegenacht\tV.3\t3:59<br \/>\n2-6\t\u2013Gegenacht\tChevaux De Frise\t4:22<br \/>\n_Live For Death<br \/>\n2-7\t\u2013Gegenacht\tIntro\t3:57<br \/>\n2-8\t\u2013Gegenacht\tCar Crash (Version)\t9:29<br \/>\n2-9\t\u2013Gegenacht\t(I) Remember Krasno\u00efarsk\t10:46<br \/>\n2-10\t\u2013Gegenacht\tMort Lente = Slow Death\t5:40<br \/>\nCRY 002_Guerre Froide _Archives _1985<br \/>\n_Le Bunker<br \/>\n3-1\t\u2013Guerre Froide\tLa Chanson D&#8217;Ian\t4:59<br \/>\n3-2\t\u2013Guerre Froide\tEva (Berlin 81)\t5:57<br \/>\n3-3\t\u2013Guerre Froide\tD\u00e9part\t3:27<br \/>\n3-4\t\u2013Guerre Froide\tSans Ultimes Sens Multiples\t3:28<br \/>\n3-5\t\u2013Guerre Froide\tBerlin Demain (Printani\u00e8re Version)\t4:48<br \/>\n_Live<br \/>\n3-6\t\u2013Guerre Froide\tRemorquage\t5:25<br \/>\n3-7\t\u2013Guerre Froide\tGloria Victis\t4:00<br \/>\n3-8\t\u2013Guerre Froide\tBrumes\t4:09<br \/>\n3-9\t\u2013Guerre Froide\tPicaro\t4:31<br \/>\n3-10\t\u2013Guerre Froide\tFlahsbacks Futurs\t4:26<br \/>\n3-11\t\u2013Guerre Froide\tLa Chanson D&#8217;Ian (D\u00e9mo)\t4:54<br \/>\n3-12\t\u2013Guerre Froide\tD\u00e9part (D\u00e9mo)\t3:51<br \/>\n3-13\t\u2013Guerre Froide\tFlashbacks Futus (D\u00e9mo)\t2:57<br \/>\nCRY 003_Pour L&#8217;Exemple<br \/>\n_Untitled _1986<br \/>\n4-1\t\u2013Pour L&#8217;Exemple\tHuit H\u00f4pitaux\t4:15<br \/>\n4-2\t\u2013Pour L&#8217;Exemple\tD\u00e9j\u00e0 L\u00e0\t4:20<br \/>\n4-3\t\u2013Pour L&#8217;Exemple\tNick&#8217;s Movie\t2:35<br \/>\n4-4\t\u2013Pour L&#8217;Exemple\tL.R.S.T.\t4:16<br \/>\n4-5\t\u2013Pour L&#8217;Exemple\tAct I\t3:16<br \/>\n_Untitled _1988<br \/>\n4-6\t\u2013Pour L&#8217;Exemple\tContre-Courant\t7:11<br \/>\n4-7\t\u2013Pour L&#8217;Exemple\tLa Nuit Seulement\t3:15<br \/>\n4-8\t\u2013Pour L&#8217;Exemple\tJe Ne Veux\t3:45<br \/>\n4-9\t\u2013Pour L&#8217;Exemple\tBlack Angel\t2:00<br \/>\n_E Pericoloso&#8230; _1992<br \/>\n4-10\t\u2013Pour L&#8217;Exemple\tSauve Qui Peut\t3:38<br \/>\n4-11\t\u2013Pour L&#8217;Exemple\tJ&#8217;Exhibe &#8211; Regarde\t2:05<br \/>\n4-12\t\u2013Pour L&#8217;Exemple\tDans La Peau\t2:59<br \/>\n4-13\t\u2013Pour L&#8217;Exemple\tFile Ou Passe\t3:16<br \/>\n4-14\t\u2013Pour L&#8217;Exemple\tA Corps Perdu\t3:42<br \/>\n4-15\t\u2013Pour L&#8217;Exemple\tE Pericoloso\t4:30<br \/>\n4-16\t\u2013Pour L&#8217;Exemple\tKamikaze N\u00f4\t2:33<br \/>\n4-17\t\u2013Pour L&#8217;Exemple\tBlack Angel\t1:56<br \/>\n4-18\t\u2013Pour L&#8217;Exemple\tCours Toujours\t3:23<br \/>\n4-19\t\u2013Pour L&#8217;Exemple\tFace A Face\t3:36<br \/>\n4-20\t\u2013Pour L&#8217;Exemple\tAss&#8217;Falt\t2:29<br \/>\n4-21\t\u2013Pour L&#8217;Exemple\tLe Serpent Du Coeur\t3:22<br \/>\n4-22\t\u2013Pour L&#8217;Exemple\tHeldon\t6:01<\/p>\n","protected":false},"featured_media":249,"comment_status":"closed","ping_status":"closed","template":"","meta":[],"product_brand":[],"product_cat":[19],"product_tag":[142,141,63,143,62],"class_list":{"0":"post-248","1":"product","2":"type-product","3":"status-publish","4":"has-post-thumbnail","6":"product_cat-cd","7":"product_tag-gege","8":"product_tag-gf","9":"product_tag-infra","10":"product_tag-exemple","11":"product_tag-various","13":"first","14":"instock","15":"shipping-taxable","16":"purchasable","17":"product-type-simple"},"jetpack_sharing_enabled":true,"_links":{"self":[{"href":"https:\/\/www.infrastition.com\/en\/wp-json\/wp\/v2\/product\/248","targetHints":{"allow":["GET"]}}],"collection":[{"href":"https:\/\/www.infrastition.com\/en\/wp-json\/wp\/v2\/product"}],"about":[{"href":"https:\/\/www.infrastition.com\/en\/wp-json\/wp\/v2\/types\/product"}],"replies":[{"embeddable":true,"href":"https:\/\/www.infrastition.com\/en\/wp-json\/wp\/v2\/comments?post=248"}],"wp:featuredmedia":[{"embeddable":true,"href":"https:\/\/www.infrastition.com\/en\/wp-json\/wp\/v2\/media\/249"}],"wp:attachment":[{"href":"https:\/\/www.infrastition.com\/en\/wp-json\/wp\/v2\/media?parent=248"}],"wp:term":[{"taxonomy":"product_brand","embeddable":true,"href":"https:\/\/www.infrastition.com\/en\/wp-json\/wp\/v2\/product_brand?post=248"},{"taxonomy":"product_cat","embeddable":true,"href":"https:\/\/www.infrastition.com\/en\/wp-json\/wp\/v2\/product_cat?post=248"},{"taxonomy":"product_tag","embeddable":true,"href":"https:\/\/www.infrastition.com\/en\/wp-json\/wp\/v2\/product_tag?post=248"}],"curies":[{"name":"wp","href":"https:\/\/api.w.org\/{rel}","templated":true}]}}