{"id":269,"date":"2020-11-15T09:49:04","date_gmt":"2020-11-15T08:49:04","guid":{"rendered":"https:\/\/www.infrastition.com\/?post_type=product&#038;p=269"},"modified":"2021-06-02T23:08:11","modified_gmt":"2021-06-02T21:08:11","slug":"les-tetines-noires-%e2%80%8e-anthomologies","status":"publish","type":"product","link":"https:\/\/www.infrastition.com\/en\/produit\/les-tetines-noires-%e2%80%8e-anthomologies\/","title":{"rendered":"Les T\u00e9tines Noires \u200e- Anthomologies"},"content":{"rendered":"","protected":false},"excerpt":{"rendered":"<p>Les T\u00e9tines Noires \u200e- Anthomologies<br \/>\n4CD Box &#8211; Lim 300<br \/>\nFin 069 &#8211; 06\/11\/2020<\/p>\n<p>\t1981-1990<br \/>\nBotanus Tracks<br \/>\n1-01\tLes Bibis De Rosemaraies\t5:29<br \/>\n1-02\tOkongo\t3:37<br \/>\n1-03\tMaronium\t3:10<br \/>\n1-04\tAn Immortal Verse\t3:37<br \/>\n1-05\tEmil Sinclair\t3:52<br \/>\n1-06\tCrazy Horses\t5:29<br \/>\n1-07\tStreap Teac\t3:23<br \/>\n1-08\tOfai\t6:21<br \/>\n1-09\tLe Loup Des Steppes\t3:42<br \/>\nFauvisme Et Pense-B\u00eate<br \/>\n1-10\tFreaks\t3:42<br \/>\n1-11\tPetite Brouette Sans Allumette\t5:26<br \/>\n1-12\tFase 1990\t4:37<br \/>\n1-13\tJust One Life\t3:59<br \/>\n1-14\tO&#8217;Dogo\t4:14<br \/>\n1-15\tCrazy Horses\t5:11<br \/>\n1-16\tLes Captains\t3:59<br \/>\n1-17\tStreap Teac\t3:07<br \/>\n1-18\tGouttes Die\t3:33<br \/>\n1-19\tMusique En Forme De Cage\t2:15<br \/>\n1991-1994<br \/>\nBrouettes<br \/>\n2-01\tBrouette Nentale\t5:05<br \/>\n2-02\tA Different Man\t2:16<br \/>\n2-03\tN&#038;M (Histoire De Lady Na)\t3:39<br \/>\n2-04\tHill House\t2:42<br \/>\n2-05\tEleonor\t0:33<br \/>\n2-06\tLes Roseaux Cervicaux\t5:39<br \/>\n2-07\tImminent Immoral\t0:52<br \/>\n2-08\tLady Dja Lady\t3:46<br \/>\n2-09\tEpidemik Pakotill\t4:21<br \/>\n2-10\tMy Nightclub-Head\t3:15<br \/>\n2-11\tEt La Lumi\u00e8re Roule\t0:51<br \/>\n2-12\tBras Sans Jambe Et Glisse Versa\t3:31<br \/>\nBotanus Tracks<br \/>\n2-13\tPleure\t3:02<br \/>\n2-14\tHead Hole\t3:34<br \/>\n2-15\tT\u00eates &#038; Clous\t3:35<br \/>\n2-16\tShadow\t2:29<br \/>\n2-17\tLady Memory\t2:48<br \/>\n2-18\tTeo Tertem\t2:44<br \/>\n2-19\tLie Down\t2:01<br \/>\n2-20\tT\u00eate Molle\t4:24<br \/>\n2-21\tTeo Tertem\t5:53<br \/>\n2-22\tEmpire Head Building\t3:35<br \/>\n2-23\tWashing Dead\t5:32<br \/>\n1995-1996<br \/>\nT\u00eates Mortes<br \/>\n3-01\tEn-T\u00eate\t2:05<br \/>\n3-02\tHead Horse\t5:36<br \/>\n3-03\tT\u00eate-\u00c0-T\u00eate N\u00b01\t0:17<br \/>\n3-04\tEnvers Et Contre T\u00eate\t3:24<br \/>\n3-05\tT\u00eate-\u00c0-T\u00eate N\u00b02\t0:09<br \/>\n3-06\tTeo Tertem\t3:00<br \/>\n3-07\tT\u00eate-\u00c0-T\u00eate N\u00b03\t0:22<br \/>\n3-08\tWashing Head\t5:07<br \/>\n3-09\tT\u00eate-\u00c0-T\u00eate N\u00b04\t0:36<br \/>\n3-10\tT\u00eate, Fard et Lombrics\t3:29<br \/>\n3-11\tT\u00eate-\u00c0-T\u00eate N\u00b05\t1:45<br \/>\n3-12\tHead Is A Killer\t4:14<br \/>\n3-13\tT\u00eate-\u00c0-T\u00eate N\u00b06\t0:06<br \/>\n3-14\tT\u00eate Pr\u00e9par\u00e9e\t4:24<br \/>\n3-15\tT\u00eate-\u00c0-T\u00eate N\u00b07\t3:01<br \/>\n3-16\tEaten Head\t3:57<br \/>\n3-17\tT\u00eate-\u00c0-T\u00eate N\u00b08\t0:22<br \/>\n3-18\tEmpire Head Building\t3:28<br \/>\n3-19\tT\u00eate-\u00c0-T\u00eate N\u00b09\t2:17<br \/>\n3-20\tT\u00eate Abiotique\t3:53<br \/>\n3-21\tT\u00eate-\u00c0-T\u00eate N\u00b010\t2:17<br \/>\n3-22\tT\u00eate Molle\t2:20<br \/>\n3-23\tT\u00eate-\u00c0-T\u00eate N\u00b0100\t0:20<br \/>\n3-24\tSang, T\u00eate Ni But\t4:36<br \/>\nBotanus Tracks<br \/>\n3-25\tT\u00eate, Fard Et Lombrics &#8211; Anonymous\t3:47<br \/>\n3-26\tHead Horse &#8211; Norscq\t3:51<br \/>\n3-27\tT\u00eate, Fard Et Lombrics &#8211; Deflo\t3:45<br \/>\n3-28\tEaten Head &#8211; Tec Dix\t3:47<br \/>\n3-29\tGymnopeudie\t2:01<br \/>\n1987-1997<br \/>\nLuley By \/ Rare Live Recordings<br \/>\n4-01\tGengis Jako (Intro)\t3:06<br \/>\n4-02\tDa Moon\t1:56<br \/>\n4-03\tFase 1990\t4:54<br \/>\n4-04\tPetite Brouette Sans Allumette\t5:21<br \/>\n4-05\tFreaks\t3:53<br \/>\n4-06\tLes Captains\t4:50<br \/>\n4-07\tCrazy Horses\t5:43<br \/>\n4-08\tA Different Man\t2:06<br \/>\n4-09\tSuperstorm\t6:28<br \/>\n4-10\tLady Dja Lady\t3:35<br \/>\n4-11\tHill House\t3:08<br \/>\n4-12\tO&#8217;Dogo\t3:29<br \/>\n4-13\tAlpha &#038; Omega\t3:49<br \/>\n4-14\tEnvers Et Contre T\u00eate\t3:44<br \/>\n4-15\tEmpire Head Building\t4:03<br \/>\n4-16\tT\u00eate Pr\u00e9par\u00e9e\t5:45<br \/>\n4-17\tEaten Head\t3:33<br \/>\n4-18\tHead Is A KIller\t5:36<br \/>\n4-19\tSang, T\u00eate Ni But\t4:05<\/p>\n","protected":false},"featured_media":270,"comment_status":"closed","ping_status":"closed","template":"","meta":[],"product_brand":[],"product_cat":[19],"product_tag":[63,61],"class_list":{"0":"post-269","1":"product","2":"type-product","3":"status-publish","4":"has-post-thumbnail","6":"product_cat-cd","7":"product_tag-infra","8":"product_tag-ltno","10":"first","11":"outofstock","12":"shipping-taxable","13":"purchasable","14":"product-type-simple"},"jetpack_sharing_enabled":true,"_links":{"self":[{"href":"https:\/\/www.infrastition.com\/en\/wp-json\/wp\/v2\/product\/269","targetHints":{"allow":["GET"]}}],"collection":[{"href":"https:\/\/www.infrastition.com\/en\/wp-json\/wp\/v2\/product"}],"about":[{"href":"https:\/\/www.infrastition.com\/en\/wp-json\/wp\/v2\/types\/product"}],"replies":[{"embeddable":true,"href":"https:\/\/www.infrastition.com\/en\/wp-json\/wp\/v2\/comments?post=269"}],"wp:featuredmedia":[{"embeddable":true,"href":"https:\/\/www.infrastition.com\/en\/wp-json\/wp\/v2\/media\/270"}],"wp:attachment":[{"href":"https:\/\/www.infrastition.com\/en\/wp-json\/wp\/v2\/media?parent=269"}],"wp:term":[{"taxonomy":"product_brand","embeddable":true,"href":"https:\/\/www.infrastition.com\/en\/wp-json\/wp\/v2\/product_brand?post=269"},{"taxonomy":"product_cat","embeddable":true,"href":"https:\/\/www.infrastition.com\/en\/wp-json\/wp\/v2\/product_cat?post=269"},{"taxonomy":"product_tag","embeddable":true,"href":"https:\/\/www.infrastition.com\/en\/wp-json\/wp\/v2\/product_tag?post=269"}],"curies":[{"name":"wp","href":"https:\/\/api.w.org\/{rel}","templated":true}]}}