{"id":293,"date":"2020-11-15T10:42:27","date_gmt":"2020-11-15T09:42:27","guid":{"rendered":"https:\/\/www.infrastition.com\/?post_type=product&#038;p=293"},"modified":"2023-01-29T22:51:41","modified_gmt":"2023-01-29T21:51:41","slug":"thalie-nemesis-%e2%80%8e-nemesis","status":"publish","type":"product","link":"https:\/\/www.infrastition.com\/en\/produit\/thalie-nemesis-%e2%80%8e-nemesis\/","title":{"rendered":"Thalie N\u00e9m\u00e9sis \u200e- N\u00e9m\u00e9sis"},"content":{"rendered":"","protected":false},"excerpt":{"rendered":"<p>Thalie N\u00e9m\u00e9sis \u200e- N\u00e9m\u00e9sis<br \/>\nCD Digi &#8211; Lim 300<br \/>\nIno 008 &#8211; 14\/01\/2014<\/p>\n<p>1\tIntro &#8211; The Hunting ( Si Poteris Narrare, Licet )\t4:05<br \/>\n2\tN\u00e9m\u00e9sis\t5:13<br \/>\n3\tThe Puzzler\t3:22<br \/>\n4\tI\u2019m A Witch\t3:56<br \/>\n5\tStockholm Syndrome\t4:09<br \/>\n6\tWaste\t3:18<br \/>\n7\tParis At Night\t3:39<br \/>\n8\tTowards Dusk\t4:46<br \/>\n9\tCall The Fire\t3:57<br \/>\n10\tWinter Song\t4:00<\/p>\n","protected":false},"featured_media":294,"comment_status":"closed","ping_status":"closed","template":"","meta":[],"product_brand":[],"product_cat":[19],"product_tag":[63,86],"class_list":{"0":"post-293","1":"product","2":"type-product","3":"status-publish","4":"has-post-thumbnail","6":"product_cat-cd","7":"product_tag-infra","8":"product_tag-thalie","10":"first","11":"instock","12":"shipping-taxable","13":"purchasable","14":"product-type-simple"},"jetpack_sharing_enabled":true,"_links":{"self":[{"href":"https:\/\/www.infrastition.com\/en\/wp-json\/wp\/v2\/product\/293","targetHints":{"allow":["GET"]}}],"collection":[{"href":"https:\/\/www.infrastition.com\/en\/wp-json\/wp\/v2\/product"}],"about":[{"href":"https:\/\/www.infrastition.com\/en\/wp-json\/wp\/v2\/types\/product"}],"replies":[{"embeddable":true,"href":"https:\/\/www.infrastition.com\/en\/wp-json\/wp\/v2\/comments?post=293"}],"wp:featuredmedia":[{"embeddable":true,"href":"https:\/\/www.infrastition.com\/en\/wp-json\/wp\/v2\/media\/294"}],"wp:attachment":[{"href":"https:\/\/www.infrastition.com\/en\/wp-json\/wp\/v2\/media?parent=293"}],"wp:term":[{"taxonomy":"product_brand","embeddable":true,"href":"https:\/\/www.infrastition.com\/en\/wp-json\/wp\/v2\/product_brand?post=293"},{"taxonomy":"product_cat","embeddable":true,"href":"https:\/\/www.infrastition.com\/en\/wp-json\/wp\/v2\/product_cat?post=293"},{"taxonomy":"product_tag","embeddable":true,"href":"https:\/\/www.infrastition.com\/en\/wp-json\/wp\/v2\/product_tag?post=293"}],"curies":[{"name":"wp","href":"https:\/\/api.w.org\/{rel}","templated":true}]}}